{"id":634,"date":"2024-07-27T13:32:34","date_gmt":"2024-07-27T10:32:34","guid":{"rendered":"https:\/\/stafferty.lv\/?page_id=634"},"modified":"2025-05-28T16:03:36","modified_gmt":"2025-05-28T14:03:36","slug":"veiklos-testinumo-politika","status":"publish","type":"page","link":"https:\/\/stafferty.lv\/en\/apie-mus\/veiklos-testinumo-politika\/","title":{"rendered":"Darb\u012bbas nep\u0101rtraukt\u012bbas politika"},"content":{"rendered":"<p><div class=\"fusion-fullwidth fullwidth-box fusion-builder-row-1 fusion-flex-container has-pattern-background has-mask-background hundred-percent-fullwidth non-hundred-percent-height-scrolling\" style=\"--awb-border-radius-top-left:0px;--awb-border-radius-top-right:0px;--awb-border-radius-bottom-right:0px;--awb-border-radius-bottom-left:0px;--awb-padding-top:;--awb-padding-right:0px;--awb-padding-bottom:0px;--awb-padding-left:0px;--awb-margin-top:0px;--awb-margin-bottom:0px;--awb-background-color:#2c3d4f;--awb-background-size:cover;--awb-flex-wrap:wrap;\" ><div class=\"awb-background-mask\" style=\"background-image:  url();opacity: 0.3 ;transform: scale(1, 1);mix-blend-mode:overlay;\"><\/div><div class=\"fusion-builder-row fusion-row fusion-flex-align-items-flex-start fusion-flex-content-wrap\" style=\"width:104% !important;max-width:104% !important;margin-left: calc(-4% \/ 2 );margin-right: calc(-4% \/ 2 );\"><div class=\"fusion-layout-column fusion_builder_column fusion-builder-column-0 fusion_builder_column_1_1 1_1 fusion-flex-column\" style=\"--awb-bg-size:cover;--awb-width-large:100%;--awb-margin-top-large:0px;--awb-spacing-right-large:1.92%;--awb-margin-bottom-large:20px;--awb-spacing-left-large:1.92%;--awb-width-medium:100%;--awb-order-medium:0;--awb-spacing-right-medium:1.92%;--awb-spacing-left-medium:1.92%;--awb-width-small:100%;--awb-order-small:0;--awb-spacing-right-small:1.92%;--awb-spacing-left-small:1.92%;\" data-scroll-devices=\"small-visibility,medium-visibility,large-visibility\"><div class=\"fusion-column-wrapper fusion-column-has-shadow fusion-flex-justify-content-flex-start fusion-content-layout-column\"><div class=\"fusion-title title fusion-title-1 fusion-sep-none fusion-title-text fusion-title-size-one\" style=\"--awb-text-color:var(--awb-color4);--awb-margin-top:40px;--awb-margin-right:40px;--awb-margin-bottom:40px;--awb-margin-left:40px;--awb-margin-top-small:20px;--awb-margin-right-small:20px;--awb-margin-bottom-small:20px;--awb-margin-left-small:20px;\"><h1 class=\"fusion-title-heading title-heading-left md-text-align-center sm-text-align-center\" style=\"margin:0;\"><p style=\"text-align: left;\">Darb\u012bbas nep\u0101rtraukt\u012bbas politika<\/p><\/h1><\/div><\/div><\/div><\/div><\/div><div class=\"fusion-fullwidth fullwidth-box fusion-builder-row-2 fusion-flex-container has-pattern-background has-mask-background nonhundred-percent-fullwidth non-hundred-percent-height-scrolling\" style=\"--awb-border-radius-top-left:0px;--awb-border-radius-top-right:0px;--awb-border-radius-bottom-right:0px;--awb-border-radius-bottom-left:0px;--awb-padding-top:5%;--awb-padding-right:5%;--awb-padding-left:5%;--awb-flex-wrap:wrap;\" ><div class=\"fusion-builder-row fusion-row fusion-flex-align-items-flex-start fusion-flex-content-wrap\" style=\"max-width:1996.8px;margin-left: calc(-4% \/ 2 );margin-right: calc(-4% \/ 2 );\"><div class=\"fusion-layout-column fusion_builder_column fusion-builder-column-1 fusion_builder_column_1_1 1_1 fusion-flex-column\" style=\"--awb-bg-size:cover;--awb-width-large:100%;--awb-margin-top-large:0px;--awb-spacing-right-large:1.92%;--awb-margin-bottom-large:20px;--awb-spacing-left-large:1.92%;--awb-width-medium:100%;--awb-order-medium:0;--awb-spacing-right-medium:1.92%;--awb-spacing-left-medium:1.92%;--awb-width-small:100%;--awb-order-small:0;--awb-spacing-right-small:1.92%;--awb-spacing-left-small:1.92%;\"><div class=\"fusion-column-wrapper fusion-column-has-shadow fusion-flex-justify-content-flex-start fusion-content-layout-column\"><div class=\"fusion-text fusion-text-1\"><p>Darb\u012bbas nep\u0101rtraukt\u012bbas politika nodro\u0161ina Stafferty pamatu, lai uz\u0146\u0113mums atbilstu savu klientu un partneru darb\u012bbas nep\u0101rtraukt\u012bbas pras\u012bb\u0101m. \u0160o pras\u012bbu izpildes pamats ir darb\u012bbas nep\u0101rtraukt\u012bbas p\u0101rvald\u012bbas sist\u0113mas ievie\u0161ana. Organiz\u0101cij\u0101 tiek ieviesta darb\u012bbas nep\u0101rtraukt\u012bbas p\u0101rvald\u012bba, lai nodro\u0161in\u0101tu galveno pakalpojumu snieg\u0161anas stabilit\u0101ti, ja organiz\u0101cijas darb\u012bba tiek p\u0101rtraukta vai trauc\u0113ta.<\/p>\n<\/div><div class=\"fusion-title title fusion-title-2 fusion-sep-none fusion-title-text fusion-title-size-two\" style=\"--awb-margin-top-small:10px;--awb-margin-right-small:0px;--awb-margin-bottom-small:10px;--awb-margin-left-small:0px;\"><h2 class=\"fusion-title-heading title-heading-left\" style=\"margin:0;\">M\u0113r\u0137im:<\/h2><\/div><div class=\"fusion-text fusion-text-2\"><ul>\n<li>Darb\u012bbas nep\u0101rtraukt\u012bbas p\u0101rvald\u012bbas sist\u0113mas ievie\u0161ana un uzraudz\u012bba.<\/li>\n<li>Galveno pakalpojumu un saist\u012bto svar\u012bgo darb\u012bbu, procesu un resursu noteik\u0161ana.<\/li>\n<li>Galveno pakalpojumu, svar\u012bg\u0101ko darb\u012bbu, procesu un ar tiem saist\u012bto resursu risku anal\u012bze un ietekmes nov\u0113rt\u0113jums.<\/li>\n<li>Riska mazin\u0101\u0161anas strat\u0113\u0123iju noteik\u0161ana un \u012bsteno\u0161ana, lai samazin\u0101tu p\u0101rtraukumu un trauc\u0113jumu ietekmi uz galvenajiem pakalpojumiem.<\/li>\n<li>Pl\u0101nu izstr\u0101de un \u012bsteno\u0161ana, lai nodro\u0161in\u0101tu nepiecie\u0161am\u0101ko pakalpojumu nep\u0101rtraukt\u012bbu l\u012bdz minim\u0101li pie\u013caujamajam l\u012bmenim biznesa p\u0101rtraukumu vai trauc\u0113jumu gad\u012bjum\u0101.<\/li>\n<li>Darb\u012bbas nep\u0101rtraukt\u012bbas pl\u0101na aktiviz\u0101cijas p\u0101rvald\u012bba.<\/li>\n<li>Regul\u0101ra darb\u012bbas nep\u0101rtraukt\u012bbas pl\u0101nu p\u0101rskat\u012b\u0161ana un test\u0113\u0161ana apm\u0101c\u012bbu laik\u0101, k\u0101 ar\u012b to atjauno\u0161ana, ja nepiecie\u0161ams.<\/li>\n<li>Vad\u012bbas p\u0101rliec\u012bbas nodro\u0161in\u0101\u0161ana, ka sist\u0113ma darbojas saska\u0146\u0101 ar lab\u0101ko praksi un m\u016bsdienu darb\u012bbas nep\u0101rtraukt\u012bbas izmai\u0146\u0101m.<\/li>\n<\/ul>\n<\/div><div class=\"fusion-title title fusion-title-3 fusion-sep-none fusion-title-text fusion-title-size-two\" style=\"--awb-margin-top-small:10px;--awb-margin-right-small:0px;--awb-margin-bottom-small:10px;--awb-margin-left-small:0px;\"><h2 class=\"fusion-title-heading title-heading-left\" style=\"margin:0;\"><strong>Darb\u012bbas nep\u0101rtraukt\u012bbas p\u0101rvald\u012bbas sist\u0113mas priek\u0161roc\u012bbas<\/strong><\/h2><\/div><div class=\"fusion-text fusion-text-3\"><p>Stafferty darb\u012bbas nep\u0101rtraukt\u012bbas politika iepaz\u012bstina ar darb\u012bbas nep\u0101rtraukt\u012bbas p\u0101rvald\u012bbas sist\u0113mu, kas \u013cauj:<\/p>\n<ul>\n<li>Nodro\u0161in\u0101t galveno pakalpojumu snieg\u0161anu Stafferty klientiem uz\u0146\u0113m\u0113jdarb\u012bbas p\u0101rtraukumu un\/vai darb\u012bbas trauc\u0113jumu laik\u0101.<\/li>\n<li>Izmantot darbiniekus un citus nepiecie\u0161amos resursus darba un\/vai uz\u0146\u0113m\u0113jdarb\u012bbas p\u0101rtraukumu laik\u0101.<\/li>\n<li>Samazin\u0101t organiz\u0101cijas darb\u012bbas trauc\u0113jumu un\/vai p\u0101rtraukumu ilgumu.<\/li>\n<li>Ats\u0101kt darb\u012bbu p\u0113c trauc\u0113jumu perioda produkt\u012bv\u0101k un efekt\u012bv\u0101k.<\/li>\n<li>Ieviest modern\u0101s p\u0101rvald\u012bbas metodes.<\/li>\n<li>Palielin\u0101t Stafferty infrastrukt\u016bras notur\u012bbu, lai samazin\u0101tu uz\u0146\u0113m\u0113jdarb\u012bbas p\u0101rtraukumu\/trauc\u0113jumu risku.<\/li>\n<li>Mazin\u0101t nozares un finan\u0161u p\u0101rtraukumu\/trauc\u0113jumu ietekmi.<\/li>\n<\/ul>\n<\/div><\/div><\/div><\/div><\/div><div class=\"fusion-fullwidth fullwidth-box fusion-builder-row-3 fusion-flex-container has-pattern-background has-mask-background nonhundred-percent-fullwidth non-hundred-percent-height-scrolling\" style=\"--awb-border-sizes-left:5%;--awb-border-sizes-right:5%;--awb-border-color:rgba(0,0,0,0);--awb-border-radius-top-left:0px;--awb-border-radius-top-right:0px;--awb-border-radius-bottom-right:0px;--awb-border-radius-bottom-left:0px;--awb-padding-right:5%;--awb-padding-left:5%;--awb-flex-wrap:wrap;\" ><div class=\"fusion-builder-row fusion-row fusion-flex-align-items-flex-start fusion-flex-content-wrap\" style=\"max-width:1996.8px;margin-left: calc(-4% \/ 2 );margin-right: calc(-4% \/ 2 );\"><div class=\"fusion-layout-column fusion_builder_column fusion-builder-column-2 fusion_builder_column_1_1 1_1 fusion-flex-column\" style=\"--awb-padding-top:5%;--awb-bg-size:cover;--awb-width-large:100%;--awb-margin-top-large:0px;--awb-spacing-right-large:1.92%;--awb-margin-bottom-large:20px;--awb-spacing-left-large:1.92%;--awb-width-medium:100%;--awb-order-medium:0;--awb-spacing-right-medium:1.92%;--awb-spacing-left-medium:1.92%;--awb-width-small:100%;--awb-order-small:0;--awb-spacing-right-small:1.92%;--awb-spacing-left-small:1.92%;\" data-scroll-devices=\"small-visibility,medium-visibility,large-visibility\"><div class=\"fusion-column-wrapper fusion-column-has-shadow fusion-flex-justify-content-flex-start fusion-content-layout-column\"><div class=\"fusion-form fusion-form-builder fusion-form-form-wrapper fusion-form-32\" style=\"--awb-tooltip-text-color:#ffffff;--awb-tooltip-background-color:#333333;--awb-form-bg-color:var(--awb-color3);\" data-form-id=\"32\" data-config=\"{&quot;form_id&quot;:&quot;32&quot;,&quot;form_post_id&quot;:&quot;32&quot;,&quot;post_id&quot;:634,&quot;form_type&quot;:&quot;ajax&quot;,&quot;confirmation_type&quot;:&quot;message&quot;,&quot;redirect_url&quot;:&quot;&quot;,&quot;redirect_timeout&quot;:&quot;0&quot;,&quot;field_labels&quot;:{&quot;v\\u0101rds&quot;:&quot;&quot;,&quot;uzv\\u0101rds&quot;:&quot;&quot;,&quot;uz\\u0146\\u0113mums&quot;:&quot;&quot;,&quot;e-pasts&quot;:&quot;&quot;,&quot;mobil\\u0101_t\\u0101lru\\u0146a_numurs&quot;:&quot;&quot;,&quot;_esmu_izlas\\u012bjis(-usi)_priv\\u0101tuma_politiku_un_piekr\\u012btu_tai&quot;:&quot;&quot;,&quot;&quot;:&quot;&quot;},&quot;field_logics&quot;:{&quot;notice_1&quot;:&quot;&quot;,&quot;v\\u0101rds&quot;:&quot;&quot;,&quot;uzv\\u0101rds&quot;:&quot;&quot;,&quot;uz\\u0146\\u0113mums&quot;:&quot;&quot;,&quot;e-pasts&quot;:&quot;&quot;,&quot;mobil\\u0101_t\\u0101lru\\u0146a_numurs&quot;:&quot;&quot;,&quot;_esmu_izlas\\u012bjis(-usi)_priv\\u0101tuma_politiku_un_piekr\\u012btu_tai&quot;:&quot;&quot;,&quot;&quot;:&quot;&quot;,&quot;submit_1&quot;:&quot;&quot;},&quot;field_types&quot;:{&quot;notice_1&quot;:&quot;notice&quot;,&quot;v\\u0101rds&quot;:&quot;text&quot;,&quot;uzv\\u0101rds&quot;:&quot;text&quot;,&quot;uz\\u0146\\u0113mums&quot;:&quot;text&quot;,&quot;e-pasts&quot;:&quot;email&quot;,&quot;mobil\\u0101_t\\u0101lru\\u0146a_numurs&quot;:&quot;phone_number&quot;,&quot;_esmu_izlas\\u012bjis(-usi)_priv\\u0101tuma_politiku_un_piekr\\u012btu_tai&quot;:&quot;consent&quot;,&quot;&quot;:&quot;textarea&quot;,&quot;submit_1&quot;:&quot;submit&quot;},&quot;nonce_method&quot;:&quot;ajax&quot;,&quot;form_views&quot;:&quot;ajax&quot;,&quot;form_views_counting&quot;:&quot;all&quot;}\"><form action=\"https:\/\/stafferty.lv\/en\/apie-mus\/veiklos-testinumo-politika\/\" method=\"post\" class=\"fusion-form fusion-form-32\"><div class=\"fusion-fullwidth fullwidth-box fusion-builder-row-3-1 fusion-flex-container has-pattern-background has-mask-background nonhundred-percent-fullwidth non-hundred-percent-height-scrolling\" style=\"--awb-border-radius-top-left:0px;--awb-border-radius-top-right:0px;--awb-border-radius-bottom-right:0px;--awb-border-radius-bottom-left:0px;--awb-flex-wrap:wrap;\" ><div class=\"fusion-builder-row fusion-row fusion-flex-align-items-flex-start fusion-flex-content-wrap\" style=\"width:104% !important;max-width:104% !important;margin-left: calc(-4% \/ 2 );margin-right: calc(-4% \/ 2 );\"><div class=\"fusion-layout-column fusion_builder_column fusion-builder-column-3 fusion_builder_column_1_1 1_1 fusion-flex-column\" style=\"--awb-bg-size:cover;--awb-width-large:100%;--awb-flex-grow:0;--awb-flex-shrink:0;--awb-margin-top-large:0px;--awb-spacing-right-large:1.92%;--awb-margin-bottom-large:20px;--awb-spacing-left-large:1.92%;--awb-width-medium:100%;--awb-order-medium:0;--awb-flex-grow-medium:0;--awb-flex-shrink-medium:0;--awb-spacing-right-medium:1.92%;--awb-spacing-left-medium:1.92%;--awb-width-small:100%;--awb-order-small:0;--awb-flex-grow-small:0;--awb-flex-shrink-small:0;--awb-spacing-right-small:1.92%;--awb-spacing-left-small:1.92%;\"><div class=\"fusion-column-wrapper fusion-column-has-shadow fusion-flex-justify-content-flex-start fusion-content-layout-column\"><div class=\"fusion-title title fusion-title-4 fusion-sep-none fusion-title-text fusion-title-size-one\" style=\"--awb-text-color:var(--awb-color4);--awb-margin-top:0px;--awb-margin-bottom:0px;--awb-margin-top-small:10px;--awb-margin-right-small:0px;--awb-margin-bottom-small:10px;--awb-margin-left-small:0px;\"><h1 class=\"fusion-title-heading title-heading-left\" style=\"margin:0;\">Susisiekite su mumis<\/h1><\/div><div class=\"fusion-text fusion-text-4 fusion-text-no-margin\" style=\"--awb-margin-top:0px;--awb-margin-right:0px;--awb-margin-bottom:0px;--awb-margin-left:0px;\"><h5>Turite klausim\u0173?<\/h5>\n<\/div>\n<div class=\"form-submission-notices data-notice_1\" id=\"fusion-notices-1\" data-instance=\"1\"><div class=\"fusion-alert alert success alert-success fusion-alert-center fusion-form-response fusion-form-response-success awb-alert-native-link-color alert-dismissable awb-alert-close-boxed\" role=\"alert\"><div class=\"fusion-alert-content-wrapper\"><span class=\"alert-icon\"><i class=\"awb-icon-check-circle\" aria-hidden=\"true\"><\/i><\/span><span class=\"fusion-alert-content\">Paldies par j\u016bsu zi\u0146ojumu! M\u0113s to esam sa\u0146\u0113mu\u0161i un sazin\u0101simies ar jums, cik dr\u012bz vien iesp\u0113jams.<\/span><\/div><button type=\"button\" class=\"close toggle-alert\" data-dismiss=\"alert\" aria-label=\"Close\">&times;<\/button><\/div><div class=\"fusion-alert alert error alert-danger fusion-alert-center fusion-form-response fusion-form-response-error awb-alert-native-link-color alert-dismissable awb-alert-close-boxed\" role=\"alert\"><div class=\"fusion-alert-content-wrapper\"><span class=\"alert-icon\"><i class=\"awb-icon-exclamation-triangle\" aria-hidden=\"true\"><\/i><\/span><span class=\"fusion-alert-content\">Atvainojiet, j\u016bsu zi\u0146ojumu nevar\u0113ja nos\u016bt\u012bt. L\u016bdzu, m\u0113\u0123iniet v\u0113lreiz!<\/span><\/div><button type=\"button\" class=\"close toggle-alert\" data-dismiss=\"alert\" aria-label=\"Close\">&times;<\/button><\/div><\/div><\/div><\/div><div class=\"fusion-layout-column fusion_builder_column fusion-builder-column-4 fusion_builder_column_1_3 1_3 fusion-flex-column\" style=\"--awb-bg-size:cover;--awb-width-large:33.333333333333%;--awb-flex-grow:0;--awb-flex-shrink:0;--awb-margin-top-large:0px;--awb-spacing-right-large:5.76%;--awb-margin-bottom-large:20px;--awb-spacing-left-large:5.76%;--awb-width-medium:33.333333333333%;--awb-order-medium:0;--awb-flex-grow-medium:0;--awb-flex-shrink-medium:0;--awb-spacing-right-medium:5.76%;--awb-spacing-left-medium:5.76%;--awb-width-small:100%;--awb-order-small:0;--awb-flex-grow-small:0;--awb-flex-shrink-small:0;--awb-spacing-right-small:1.92%;--awb-spacing-left-small:1.92%;\"><div class=\"fusion-column-wrapper fusion-column-has-shadow fusion-flex-justify-content-flex-start fusion-content-layout-column\"><div class=\"fusion-form-field fusion-form-text-field fusion-form-label-above\" style=\"\" data-form-id=\"32\"><input type=\"text\" autocomplete=\"off\"  pattern=\"[a-zA-Z]+\"  data-invalid-notice=\"Nepareizi dati\"  data-empty-notice=\"Lauks ir oblig\u0101ts!\" name=\"v\u0101rds\" id=\"v\u0101rds\" value=\"\"  class=\"fusion-form-input\" required=\"true\" aria-required=\"true\" placeholder=\"V\u0101rds *\" data-holds-private-data=\"false\" minlength=\"2\"\/><\/div><div class=\"fusion-form-field fusion-form-text-field fusion-form-label-above\" style=\"\" data-form-id=\"32\"><input type=\"text\" autocomplete=\"off\"  pattern=\"[a-zA-Z]+\"  data-invalid-notice=\"Nepareizi dati\"  data-empty-notice=\"Lauks ir oblig\u0101ts!\" name=\"uzv\u0101rds\" id=\"uzv\u0101rds\" value=\"\"  class=\"fusion-form-input\" required=\"true\" aria-required=\"true\" placeholder=\"Uzv\u0101rds *\" data-holds-private-data=\"false\" minlength=\"2\"\/><\/div><div class=\"fusion-form-field fusion-form-text-field fusion-form-label-above\" style=\"\" data-form-id=\"32\"><input type=\"text\" autocomplete=\"off\" name=\"uz\u0146\u0113mums\" id=\"uz\u0146\u0113mums\" value=\"\"  class=\"fusion-form-input\" placeholder=\"Uz\u0146\u0113mums \" data-holds-private-data=\"false\" minlength=\"0\"\/><\/div><\/div><\/div><div class=\"fusion-layout-column fusion_builder_column fusion-builder-column-5 fusion_builder_column_1_3 1_3 fusion-flex-column\" style=\"--awb-bg-size:cover;--awb-width-large:33.333333333333%;--awb-flex-grow:0;--awb-flex-shrink:0;--awb-margin-top-large:0px;--awb-spacing-right-large:5.76%;--awb-margin-bottom-large:20px;--awb-spacing-left-large:5.76%;--awb-width-medium:33.333333333333%;--awb-order-medium:0;--awb-flex-grow-medium:0;--awb-flex-shrink-medium:0;--awb-spacing-right-medium:5.76%;--awb-spacing-left-medium:5.76%;--awb-width-small:100%;--awb-order-small:0;--awb-flex-grow-small:0;--awb-flex-shrink-small:0;--awb-spacing-right-small:1.92%;--awb-spacing-left-small:1.92%;\"><div class=\"fusion-column-wrapper fusion-column-has-shadow fusion-flex-justify-content-flex-start fusion-content-layout-column\"><div class=\"fusion-form-field fusion-form-email-field fusion-form-label-above\" style=\"\" data-form-id=\"32\"><input type=\"email\" autocomplete=\"off\"  data-empty-notice=\"Lauks ir oblig\u0101ts!\" name=\"e-pasts\" id=\"e-pasts\" value=\"\"  class=\"fusion-form-input\" required=\"true\" aria-required=\"true\" placeholder=\"E-pasts *\" data-holds-private-data=\"false\"\/><\/div><div class=\"fusion-form-field fusion-form-phone-number-field fusion-form-label-above\" style=\"\" data-form-id=\"32\"><input type=\"tel\" autocomplete=\"off\"  data-empty-notice=\"Lauks ir oblig\u0101ts!\" name=\"mobil\u0101_t\u0101lru\u0146a_numurs\" id=\"mobil\u0101_t\u0101lru\u0146a_numurs\" value=\"\"  class=\"fusion-form-input\" required=\"true\" aria-required=\"true\" placeholder=\"Mobil\u0101 t\u0101lru\u0146a numurs *\" data-holds-private-data=\"false\"\/><\/div><div class=\"fusion-form-field fusion-form-consent-field fusion-form-label-above\" style=\"\" data-form-id=\"32\"><div class=\"fusion-form-checkbox option-inline\"><input tabindex=\"\" id=\"_esmu_izlas\u012bjis(-usi)_priv\u0101tuma_politiku_un_piekr\u012btu_tai\" type=\"checkbox\" value=\"1\" name=\"_esmu_izlas\u012bjis(-usi)_priv\u0101tuma_politiku_un_piekr\u012btu_tai\" class=\"fusion-form-input\" required=\"true\" aria-required=\"true\" checked \/><label for=\"_esmu_izlas\u012bjis(-usi)_priv\u0101tuma_politiku_un_piekr\u012btu_tai\">Esmu izlas\u012bjis(-usi) <a href=\"https:\/\/www.stafferty.lt\/privatumo-politika\/\" target=\"_blank\">priv\u0101tuma politiku<\/a> un piekr\u012btu savu personas datu apstr\u0101dei\n<\/label><\/div><\/div><\/div><\/div><div class=\"fusion-layout-column fusion_builder_column fusion-builder-column-6 fusion_builder_column_1_3 1_3 fusion-flex-column\" style=\"--awb-bg-size:cover;--awb-width-large:33.333333333333%;--awb-flex-grow:0;--awb-flex-shrink:0;--awb-margin-top-large:0px;--awb-spacing-right-large:5.76%;--awb-margin-bottom-large:20px;--awb-spacing-left-large:5.76%;--awb-width-medium:33.333333333333%;--awb-order-medium:0;--awb-flex-grow-medium:0;--awb-flex-shrink-medium:0;--awb-spacing-right-medium:5.76%;--awb-spacing-left-medium:5.76%;--awb-width-small:100%;--awb-order-small:0;--awb-flex-grow-small:0;--awb-flex-shrink-small:0;--awb-spacing-right-small:1.92%;--awb-spacing-left-small:1.92%;\"><div class=\"fusion-column-wrapper fusion-column-has-shadow fusion-flex-justify-content-flex-start fusion-content-layout-column\"><div class=\"fusion-form-field fusion-form-textarea-field fusion-form-label-above\" style=\"\" data-form-id=\"32\"><textarea cols=\"40\" autocomplete=\"off\"  minlength=\"100\"  rows=\"15\" tabindex=\"\" id=\"\" name=\"\" class=\"fusion-form-input\" required=\"true\" aria-required=\"true\" placeholder=\"\u017dinut\u0117 *\" data-holds-private-data=\"false\"><\/textarea><\/div><\/div><\/div><div class=\"fusion-layout-column fusion_builder_column fusion-builder-column-7 fusion_builder_column_1_1 1_1 fusion-flex-column\" style=\"--awb-bg-size:cover;--awb-width-large:100%;--awb-flex-grow:0;--awb-flex-shrink:0;--awb-margin-top-large:0px;--awb-spacing-right-large:1.92%;--awb-margin-bottom-large:20px;--awb-spacing-left-large:1.92%;--awb-width-medium:100%;--awb-order-medium:0;--awb-flex-grow-medium:0;--awb-flex-shrink-medium:0;--awb-spacing-right-medium:1.92%;--awb-spacing-left-medium:1.92%;--awb-width-small:100%;--awb-order-small:0;--awb-flex-grow-small:0;--awb-flex-shrink-small:0;--awb-spacing-right-small:1.92%;--awb-spacing-left-small:1.92%;\"><div class=\"fusion-column-wrapper fusion-column-has-shadow fusion-flex-justify-content-flex-start fusion-content-layout-column\"><div class=\"fusion-form-field fusion-form-submit-field fusion-form-label-above\" style=\"\" data-form-id=\"32\"><div style=\"text-align:right;\"><button type=\"submit\" class=\"fusion-button button-flat fusion-button-default-size button-default fusion-button-default button-1 fusion-button-default-span  button-default form-form-submit\" data-form-number=\"32\" tabindex=\"\"><span class=\"fusion-button-text awb-button__text awb-button__text--default\">IESNIEGT<\/span><\/button><\/div><\/div><\/div><\/div><\/div><\/div><input type=\"hidden\" name=\"fusion_privacy_expiration_interval\" value=\"48\"><input type=\"hidden\" name=\"privacy_expiration_action\" value=\"anonymize\"><\/form><\/div><\/div><\/div><\/div><\/div><\/p>\n","protected":false},"excerpt":{"rendered":"","protected":false},"author":1,"featured_media":0,"parent":574,"menu_order":0,"comment_status":"closed","ping_status":"closed","template":"100-width.php","meta":{"footnotes":""},"class_list":["post-634","page","type-page","status-publish","hentry"],"_links":{"self":[{"href":"https:\/\/stafferty.lv\/en\/wp-json\/wp\/v2\/pages\/634","targetHints":{"allow":["GET"]}}],"collection":[{"href":"https:\/\/stafferty.lv\/en\/wp-json\/wp\/v2\/pages"}],"about":[{"href":"https:\/\/stafferty.lv\/en\/wp-json\/wp\/v2\/types\/page"}],"author":[{"embeddable":true,"href":"https:\/\/stafferty.lv\/en\/wp-json\/wp\/v2\/users\/1"}],"replies":[{"embeddable":true,"href":"https:\/\/stafferty.lv\/en\/wp-json\/wp\/v2\/comments?post=634"}],"version-history":[{"count":12,"href":"https:\/\/stafferty.lv\/en\/wp-json\/wp\/v2\/pages\/634\/revisions"}],"predecessor-version":[{"id":1644,"href":"https:\/\/stafferty.lv\/en\/wp-json\/wp\/v2\/pages\/634\/revisions\/1644"}],"up":[{"embeddable":true,"href":"https:\/\/stafferty.lv\/en\/wp-json\/wp\/v2\/pages\/574"}],"wp:attachment":[{"href":"https:\/\/stafferty.lv\/en\/wp-json\/wp\/v2\/media?parent=634"}],"curies":[{"name":"wp","href":"https:\/\/api.w.org\/{rel}","templated":true}]}}