{"id":643,"date":"2024-07-27T13:53:57","date_gmt":"2024-07-27T10:53:57","guid":{"rendered":"https:\/\/stafferty.lv\/?page_id=643"},"modified":"2025-01-17T15:28:52","modified_gmt":"2025-01-17T12:28:52","slug":"ekologine-sauga-ir-aplinkos-apsauga","status":"publish","type":"page","link":"https:\/\/stafferty.lv\/en\/apie-mus\/ekologine-sauga-ir-aplinkos-apsauga\/","title":{"rendered":"Ekologin\u0117 sauga ir aplinkos apsauga"},"content":{"rendered":"<p><div class=\"fusion-fullwidth fullwidth-box fusion-builder-row-1 fusion-flex-container has-pattern-background has-mask-background hundred-percent-fullwidth non-hundred-percent-height-scrolling\" style=\"--awb-border-radius-top-left:0px;--awb-border-radius-top-right:0px;--awb-border-radius-bottom-right:0px;--awb-border-radius-bottom-left:0px;--awb-padding-top:;--awb-padding-right:0px;--awb-padding-bottom:0px;--awb-padding-left:0px;--awb-margin-top:0px;--awb-margin-bottom:0px;--awb-background-color:#2c3d4f;--awb-background-size:cover;--awb-flex-wrap:wrap;\" ><div class=\"awb-background-mask\" style=\"background-image:  url();opacity: 0.3 ;transform: scale(1, 1);mix-blend-mode:overlay;\"><\/div><div class=\"fusion-builder-row fusion-row fusion-flex-align-items-flex-start fusion-flex-content-wrap\" style=\"width:104% !important;max-width:104% !important;margin-left: calc(-4% \/ 2 );margin-right: calc(-4% \/ 2 );\"><div class=\"fusion-layout-column fusion_builder_column fusion-builder-column-0 fusion_builder_column_1_1 1_1 fusion-flex-column\" style=\"--awb-bg-size:cover;--awb-width-large:100%;--awb-margin-top-large:0px;--awb-spacing-right-large:1.92%;--awb-margin-bottom-large:20px;--awb-spacing-left-large:1.92%;--awb-width-medium:100%;--awb-order-medium:0;--awb-spacing-right-medium:1.92%;--awb-spacing-left-medium:1.92%;--awb-width-small:100%;--awb-order-small:0;--awb-spacing-right-small:1.92%;--awb-spacing-left-small:1.92%;\" data-scroll-devices=\"small-visibility,medium-visibility,large-visibility\"><div class=\"fusion-column-wrapper fusion-column-has-shadow fusion-flex-justify-content-flex-start fusion-content-layout-column\"><div class=\"fusion-title title fusion-title-1 fusion-sep-none fusion-title-text fusion-title-size-one\" style=\"--awb-text-color:var(--awb-color4);--awb-margin-top:40px;--awb-margin-right:40px;--awb-margin-bottom:40px;--awb-margin-left:40px;--awb-margin-top-small:20px;--awb-margin-right-small:20px;--awb-margin-bottom-small:20px;--awb-margin-left-small:20px;\"><h1 class=\"fusion-title-heading title-heading-left md-text-align-center sm-text-align-center\" style=\"margin:0;\"><p style=\"text-align: left;\">Ekologin\u0117 sauga ir aplinkos apsauga<\/p><\/h1><\/div><\/div><\/div><\/div><\/div><div class=\"fusion-fullwidth fullwidth-box fusion-builder-row-2 fusion-flex-container has-pattern-background has-mask-background nonhundred-percent-fullwidth non-hundred-percent-height-scrolling\" style=\"--awb-border-radius-top-left:0px;--awb-border-radius-top-right:0px;--awb-border-radius-bottom-right:0px;--awb-border-radius-bottom-left:0px;--awb-padding-top:5%;--awb-padding-right:5%;--awb-padding-left:5%;--awb-flex-wrap:wrap;\" ><div class=\"fusion-builder-row fusion-row fusion-flex-align-items-flex-start fusion-flex-content-wrap\" style=\"max-width:1996.8px;margin-left: calc(-4% \/ 2 );margin-right: calc(-4% \/ 2 );\"><div class=\"fusion-layout-column fusion_builder_column fusion-builder-column-1 fusion_builder_column_1_1 1_1 fusion-flex-column\" style=\"--awb-bg-size:cover;--awb-width-large:100%;--awb-margin-top-large:0px;--awb-spacing-right-large:1.92%;--awb-margin-bottom-large:20px;--awb-spacing-left-large:1.92%;--awb-width-medium:100%;--awb-order-medium:0;--awb-spacing-right-medium:1.92%;--awb-spacing-left-medium:1.92%;--awb-width-small:100%;--awb-order-small:0;--awb-spacing-right-small:1.92%;--awb-spacing-left-small:1.92%;\"><div class=\"fusion-column-wrapper fusion-column-has-shadow fusion-flex-justify-content-flex-start fusion-content-layout-column\"><div class=\"fusion-text fusion-text-1\"><div class=\"b-pagePoster \">\n<div class=\"b-pagePoster-container\"><img decoding=\"async\" class=\"b-pagePoster-img\" src=\"https:\/\/web.archive.org\/web\/20230930095656im_\/https:\/\/stafferty.lv\/local\/templates\/lt-lt\/asset\/images\/poster-environmentalSafety.png\" alt=\"\" \/>Stafferty savo veikla siekia naikinti ir ma\u017einti neigiam\u0105 poveik\u012f aplinkai.<\/div>\n<\/div>\n<div class=\"l-main-desc\">\n<p>Pagrindinis Bendrov\u0117s veiklos principas yra tvari pl\u0117tra, kuri suprantama kaip dinami\u0161kas ekonomikos augimas kuo racionaliau naudojant gamtos i\u0161teklius ir i\u0161saugant palanki\u0105 aplink\u0105 ateities kartoms.<\/p>\n<p>Siekdama \u012fgyvendinti ekologin\u0117s saugos ir aplinkos apsaugos politik\u0105, Stafferty:<\/p>\n<ul>\n<li>skatina racionaliai naudoti biuro i\u0161teklius ir med\u017eiagas, \u012fskaitant vanden\u012f, elektros energij\u0105, popieri\u0173;<\/li>\n<li>r\u016b\u0161iuoja \u0161iuk\u0161les tolesniam perdirbimui;<\/li>\n<li>siekdama efektyviau naudoti eksploatacines med\u017eiagas, taiko modernias technologijas, naujus mokslo pasiekimus, Bendrov\u0117s darbuotoj\u0173 \u017einias ir patirt\u012f;<\/li>\n<li>laiku ir visa apimtimi, jei reikia, sumoka visus mokes\u010dius ir rinkliavas, kurie yra privalomi pagal kiekvienos \u0161alies, kurioje ji vykdo savo veikl\u0105, teis\u0117s aktus, tiesiogiai ar netiesiogiai susijusius su aplinkos apsauga;<\/li>\n<li>organizuoja Bendrov\u0117s darbuotojams sistemingus aplinkosauginio s\u0105moningumo ir kompetencij\u0173 mokymus<\/li>\n<\/ul>\n<\/div>\n<\/div><\/div><\/div><\/div><\/div><div class=\"fusion-fullwidth fullwidth-box fusion-builder-row-3 fusion-flex-container has-pattern-background has-mask-background nonhundred-percent-fullwidth non-hundred-percent-height-scrolling\" style=\"--awb-border-sizes-left:5%;--awb-border-sizes-right:5%;--awb-border-color:rgba(0,0,0,0);--awb-border-radius-top-left:0px;--awb-border-radius-top-right:0px;--awb-border-radius-bottom-right:0px;--awb-border-radius-bottom-left:0px;--awb-padding-right:5%;--awb-padding-left:5%;--awb-flex-wrap:wrap;\" ><div class=\"fusion-builder-row fusion-row fusion-flex-align-items-flex-start fusion-flex-content-wrap\" style=\"max-width:1996.8px;margin-left: calc(-4% \/ 2 );margin-right: calc(-4% \/ 2 );\"><div class=\"fusion-layout-column fusion_builder_column fusion-builder-column-2 fusion_builder_column_1_1 1_1 fusion-flex-column\" style=\"--awb-padding-top:5%;--awb-bg-size:cover;--awb-width-large:100%;--awb-margin-top-large:0px;--awb-spacing-right-large:1.92%;--awb-margin-bottom-large:20px;--awb-spacing-left-large:1.92%;--awb-width-medium:100%;--awb-order-medium:0;--awb-spacing-right-medium:1.92%;--awb-spacing-left-medium:1.92%;--awb-width-small:100%;--awb-order-small:0;--awb-spacing-right-small:1.92%;--awb-spacing-left-small:1.92%;\" data-scroll-devices=\"small-visibility,medium-visibility,large-visibility\"><div class=\"fusion-column-wrapper fusion-column-has-shadow fusion-flex-justify-content-flex-start fusion-content-layout-column\"><div class=\"fusion-form fusion-form-builder fusion-form-form-wrapper fusion-form-32\" style=\"--awb-tooltip-text-color:#ffffff;--awb-tooltip-background-color:#333333;--awb-form-bg-color:var(--awb-color3);\" data-form-id=\"32\" data-config=\"{&quot;form_id&quot;:&quot;32&quot;,&quot;form_post_id&quot;:&quot;32&quot;,&quot;post_id&quot;:643,&quot;form_type&quot;:&quot;ajax&quot;,&quot;confirmation_type&quot;:&quot;message&quot;,&quot;redirect_url&quot;:&quot;&quot;,&quot;redirect_timeout&quot;:&quot;0&quot;,&quot;field_labels&quot;:{&quot;v\\u0101rds&quot;:&quot;&quot;,&quot;uzv\\u0101rds&quot;:&quot;&quot;,&quot;uz\\u0146\\u0113mums&quot;:&quot;&quot;,&quot;e-pasts&quot;:&quot;&quot;,&quot;mobil\\u0101_t\\u0101lru\\u0146a_numurs&quot;:&quot;&quot;,&quot;_esmu_izlas\\u012bjis(-usi)_priv\\u0101tuma_politiku_un_piekr\\u012btu_tai&quot;:&quot;&quot;,&quot;&quot;:&quot;&quot;},&quot;field_logics&quot;:{&quot;notice_1&quot;:&quot;&quot;,&quot;v\\u0101rds&quot;:&quot;&quot;,&quot;uzv\\u0101rds&quot;:&quot;&quot;,&quot;uz\\u0146\\u0113mums&quot;:&quot;&quot;,&quot;e-pasts&quot;:&quot;&quot;,&quot;mobil\\u0101_t\\u0101lru\\u0146a_numurs&quot;:&quot;&quot;,&quot;_esmu_izlas\\u012bjis(-usi)_priv\\u0101tuma_politiku_un_piekr\\u012btu_tai&quot;:&quot;&quot;,&quot;&quot;:&quot;&quot;,&quot;submit_1&quot;:&quot;&quot;},&quot;field_types&quot;:{&quot;notice_1&quot;:&quot;notice&quot;,&quot;v\\u0101rds&quot;:&quot;text&quot;,&quot;uzv\\u0101rds&quot;:&quot;text&quot;,&quot;uz\\u0146\\u0113mums&quot;:&quot;text&quot;,&quot;e-pasts&quot;:&quot;email&quot;,&quot;mobil\\u0101_t\\u0101lru\\u0146a_numurs&quot;:&quot;phone_number&quot;,&quot;_esmu_izlas\\u012bjis(-usi)_priv\\u0101tuma_politiku_un_piekr\\u012btu_tai&quot;:&quot;consent&quot;,&quot;&quot;:&quot;textarea&quot;,&quot;submit_1&quot;:&quot;submit&quot;},&quot;nonce_method&quot;:&quot;ajax&quot;,&quot;form_views&quot;:&quot;ajax&quot;,&quot;form_views_counting&quot;:&quot;all&quot;}\"><form action=\"https:\/\/stafferty.lv\/en\/apie-mus\/ekologine-sauga-ir-aplinkos-apsauga\/\" method=\"post\" class=\"fusion-form fusion-form-32\"><div class=\"fusion-fullwidth fullwidth-box fusion-builder-row-3-1 fusion-flex-container has-pattern-background has-mask-background nonhundred-percent-fullwidth non-hundred-percent-height-scrolling\" style=\"--awb-border-radius-top-left:0px;--awb-border-radius-top-right:0px;--awb-border-radius-bottom-right:0px;--awb-border-radius-bottom-left:0px;--awb-flex-wrap:wrap;\" ><div class=\"fusion-builder-row fusion-row fusion-flex-align-items-flex-start fusion-flex-content-wrap\" style=\"width:104% !important;max-width:104% !important;margin-left: calc(-4% \/ 2 );margin-right: calc(-4% \/ 2 );\"><div class=\"fusion-layout-column fusion_builder_column fusion-builder-column-3 fusion_builder_column_1_1 1_1 fusion-flex-column\" style=\"--awb-bg-size:cover;--awb-width-large:100%;--awb-flex-grow:0;--awb-flex-shrink:0;--awb-margin-top-large:0px;--awb-spacing-right-large:1.92%;--awb-margin-bottom-large:20px;--awb-spacing-left-large:1.92%;--awb-width-medium:100%;--awb-order-medium:0;--awb-flex-grow-medium:0;--awb-flex-shrink-medium:0;--awb-spacing-right-medium:1.92%;--awb-spacing-left-medium:1.92%;--awb-width-small:100%;--awb-order-small:0;--awb-flex-grow-small:0;--awb-flex-shrink-small:0;--awb-spacing-right-small:1.92%;--awb-spacing-left-small:1.92%;\"><div class=\"fusion-column-wrapper fusion-column-has-shadow fusion-flex-justify-content-flex-start fusion-content-layout-column\"><div class=\"fusion-title title fusion-title-2 fusion-sep-none fusion-title-text fusion-title-size-one\" style=\"--awb-text-color:var(--awb-color4);--awb-margin-top:0px;--awb-margin-bottom:0px;--awb-margin-top-small:10px;--awb-margin-right-small:0px;--awb-margin-bottom-small:10px;--awb-margin-left-small:0px;\"><h1 class=\"fusion-title-heading title-heading-left\" style=\"margin:0;\">Susisiekite su mumis<\/h1><\/div><div class=\"fusion-text fusion-text-2 fusion-text-no-margin\" style=\"--awb-margin-top:0px;--awb-margin-right:0px;--awb-margin-bottom:0px;--awb-margin-left:0px;\"><h5>Turite klausim\u0173?<\/h5>\n<\/div>\n<div class=\"form-submission-notices data-notice_1\" id=\"fusion-notices-1\" data-instance=\"1\"><div class=\"fusion-alert alert success alert-success fusion-alert-center fusion-form-response fusion-form-response-success awb-alert-native-link-color alert-dismissable awb-alert-close-boxed\" role=\"alert\"><div class=\"fusion-alert-content-wrapper\"><span class=\"alert-icon\"><i class=\"awb-icon-check-circle\" aria-hidden=\"true\"><\/i><\/span><span class=\"fusion-alert-content\">Paldies par j\u016bsu zi\u0146ojumu! M\u0113s to esam sa\u0146\u0113mu\u0161i un sazin\u0101simies ar jums, cik dr\u012bz vien iesp\u0113jams.<\/span><\/div><button type=\"button\" class=\"close toggle-alert\" data-dismiss=\"alert\" aria-label=\"Close\">&times;<\/button><\/div><div class=\"fusion-alert alert error alert-danger fusion-alert-center fusion-form-response fusion-form-response-error awb-alert-native-link-color alert-dismissable awb-alert-close-boxed\" role=\"alert\"><div class=\"fusion-alert-content-wrapper\"><span class=\"alert-icon\"><i class=\"awb-icon-exclamation-triangle\" aria-hidden=\"true\"><\/i><\/span><span class=\"fusion-alert-content\">Atvainojiet, j\u016bsu zi\u0146ojumu nevar\u0113ja nos\u016bt\u012bt. L\u016bdzu, m\u0113\u0123iniet v\u0113lreiz!<\/span><\/div><button type=\"button\" class=\"close toggle-alert\" data-dismiss=\"alert\" aria-label=\"Close\">&times;<\/button><\/div><\/div><\/div><\/div><div class=\"fusion-layout-column fusion_builder_column fusion-builder-column-4 fusion_builder_column_1_3 1_3 fusion-flex-column\" style=\"--awb-bg-size:cover;--awb-width-large:33.333333333333%;--awb-flex-grow:0;--awb-flex-shrink:0;--awb-margin-top-large:0px;--awb-spacing-right-large:5.76%;--awb-margin-bottom-large:20px;--awb-spacing-left-large:5.76%;--awb-width-medium:33.333333333333%;--awb-order-medium:0;--awb-flex-grow-medium:0;--awb-flex-shrink-medium:0;--awb-spacing-right-medium:5.76%;--awb-spacing-left-medium:5.76%;--awb-width-small:100%;--awb-order-small:0;--awb-flex-grow-small:0;--awb-flex-shrink-small:0;--awb-spacing-right-small:1.92%;--awb-spacing-left-small:1.92%;\"><div class=\"fusion-column-wrapper fusion-column-has-shadow fusion-flex-justify-content-flex-start fusion-content-layout-column\"><div class=\"fusion-form-field fusion-form-text-field fusion-form-label-above\" style=\"\" data-form-id=\"32\"><input type=\"text\" autocomplete=\"off\"  pattern=\"[a-zA-Z]+\"  data-invalid-notice=\"Nepareizi dati\"  data-empty-notice=\"Lauks ir oblig\u0101ts!\" name=\"v\u0101rds\" id=\"v\u0101rds\" value=\"\"  class=\"fusion-form-input\" required=\"true\" aria-required=\"true\" placeholder=\"V\u0101rds *\" data-holds-private-data=\"false\" minlength=\"2\"\/><\/div><div class=\"fusion-form-field fusion-form-text-field fusion-form-label-above\" style=\"\" data-form-id=\"32\"><input type=\"text\" autocomplete=\"off\"  pattern=\"[a-zA-Z]+\"  data-invalid-notice=\"Nepareizi dati\"  data-empty-notice=\"Lauks ir oblig\u0101ts!\" name=\"uzv\u0101rds\" id=\"uzv\u0101rds\" value=\"\"  class=\"fusion-form-input\" required=\"true\" aria-required=\"true\" placeholder=\"Uzv\u0101rds *\" data-holds-private-data=\"false\" minlength=\"2\"\/><\/div><div class=\"fusion-form-field fusion-form-text-field fusion-form-label-above\" style=\"\" data-form-id=\"32\"><input type=\"text\" autocomplete=\"off\" name=\"uz\u0146\u0113mums\" id=\"uz\u0146\u0113mums\" value=\"\"  class=\"fusion-form-input\" placeholder=\"Uz\u0146\u0113mums \" data-holds-private-data=\"false\" minlength=\"0\"\/><\/div><\/div><\/div><div class=\"fusion-layout-column fusion_builder_column fusion-builder-column-5 fusion_builder_column_1_3 1_3 fusion-flex-column\" style=\"--awb-bg-size:cover;--awb-width-large:33.333333333333%;--awb-flex-grow:0;--awb-flex-shrink:0;--awb-margin-top-large:0px;--awb-spacing-right-large:5.76%;--awb-margin-bottom-large:20px;--awb-spacing-left-large:5.76%;--awb-width-medium:33.333333333333%;--awb-order-medium:0;--awb-flex-grow-medium:0;--awb-flex-shrink-medium:0;--awb-spacing-right-medium:5.76%;--awb-spacing-left-medium:5.76%;--awb-width-small:100%;--awb-order-small:0;--awb-flex-grow-small:0;--awb-flex-shrink-small:0;--awb-spacing-right-small:1.92%;--awb-spacing-left-small:1.92%;\"><div class=\"fusion-column-wrapper fusion-column-has-shadow fusion-flex-justify-content-flex-start fusion-content-layout-column\"><div class=\"fusion-form-field fusion-form-email-field fusion-form-label-above\" style=\"\" data-form-id=\"32\"><input type=\"email\" autocomplete=\"off\"  data-empty-notice=\"Lauks ir oblig\u0101ts!\" name=\"e-pasts\" id=\"e-pasts\" value=\"\"  class=\"fusion-form-input\" required=\"true\" aria-required=\"true\" placeholder=\"E-pasts *\" data-holds-private-data=\"false\"\/><\/div><div class=\"fusion-form-field fusion-form-phone-number-field fusion-form-label-above\" style=\"\" data-form-id=\"32\"><input type=\"tel\" autocomplete=\"off\"  data-empty-notice=\"Lauks ir oblig\u0101ts!\" name=\"mobil\u0101_t\u0101lru\u0146a_numurs\" id=\"mobil\u0101_t\u0101lru\u0146a_numurs\" value=\"\"  class=\"fusion-form-input\" required=\"true\" aria-required=\"true\" placeholder=\"Mobil\u0101 t\u0101lru\u0146a numurs *\" data-holds-private-data=\"false\"\/><\/div><div class=\"fusion-form-field fusion-form-consent-field fusion-form-label-above\" style=\"\" data-form-id=\"32\"><div class=\"fusion-form-checkbox option-inline\"><input tabindex=\"\" id=\"_esmu_izlas\u012bjis(-usi)_priv\u0101tuma_politiku_un_piekr\u012btu_tai\" type=\"checkbox\" value=\"1\" name=\"_esmu_izlas\u012bjis(-usi)_priv\u0101tuma_politiku_un_piekr\u012btu_tai\" class=\"fusion-form-input\" required=\"true\" aria-required=\"true\" checked \/><label for=\"_esmu_izlas\u012bjis(-usi)_priv\u0101tuma_politiku_un_piekr\u012btu_tai\">Esmu izlas\u012bjis(-usi) <a href=\"https:\/\/www.stafferty.lt\/privatumo-politika\/\" target=\"_blank\">priv\u0101tuma politiku<\/a> un piekr\u012btu savu personas datu apstr\u0101dei\n<\/label><\/div><\/div><\/div><\/div><div class=\"fusion-layout-column fusion_builder_column fusion-builder-column-6 fusion_builder_column_1_3 1_3 fusion-flex-column\" style=\"--awb-bg-size:cover;--awb-width-large:33.333333333333%;--awb-flex-grow:0;--awb-flex-shrink:0;--awb-margin-top-large:0px;--awb-spacing-right-large:5.76%;--awb-margin-bottom-large:20px;--awb-spacing-left-large:5.76%;--awb-width-medium:33.333333333333%;--awb-order-medium:0;--awb-flex-grow-medium:0;--awb-flex-shrink-medium:0;--awb-spacing-right-medium:5.76%;--awb-spacing-left-medium:5.76%;--awb-width-small:100%;--awb-order-small:0;--awb-flex-grow-small:0;--awb-flex-shrink-small:0;--awb-spacing-right-small:1.92%;--awb-spacing-left-small:1.92%;\"><div class=\"fusion-column-wrapper fusion-column-has-shadow fusion-flex-justify-content-flex-start fusion-content-layout-column\"><div class=\"fusion-form-field fusion-form-textarea-field fusion-form-label-above\" style=\"\" data-form-id=\"32\"><textarea cols=\"40\" autocomplete=\"off\"  minlength=\"100\"  rows=\"15\" tabindex=\"\" id=\"\" name=\"\" class=\"fusion-form-input\" required=\"true\" aria-required=\"true\" placeholder=\"\u017dinut\u0117 *\" data-holds-private-data=\"false\"><\/textarea><\/div><\/div><\/div><div class=\"fusion-layout-column fusion_builder_column fusion-builder-column-7 fusion_builder_column_1_1 1_1 fusion-flex-column\" style=\"--awb-bg-size:cover;--awb-width-large:100%;--awb-flex-grow:0;--awb-flex-shrink:0;--awb-margin-top-large:0px;--awb-spacing-right-large:1.92%;--awb-margin-bottom-large:20px;--awb-spacing-left-large:1.92%;--awb-width-medium:100%;--awb-order-medium:0;--awb-flex-grow-medium:0;--awb-flex-shrink-medium:0;--awb-spacing-right-medium:1.92%;--awb-spacing-left-medium:1.92%;--awb-width-small:100%;--awb-order-small:0;--awb-flex-grow-small:0;--awb-flex-shrink-small:0;--awb-spacing-right-small:1.92%;--awb-spacing-left-small:1.92%;\"><div class=\"fusion-column-wrapper fusion-column-has-shadow fusion-flex-justify-content-flex-start fusion-content-layout-column\"><div class=\"fusion-form-field fusion-form-submit-field fusion-form-label-above\" style=\"\" data-form-id=\"32\"><div style=\"text-align:right;\"><button type=\"submit\" class=\"fusion-button button-flat fusion-button-default-size button-default fusion-button-default button-1 fusion-button-default-span  button-default form-form-submit\" data-form-number=\"32\" tabindex=\"\"><span class=\"fusion-button-text awb-button__text awb-button__text--default\">IESNIEGT<\/span><\/button><\/div><\/div><\/div><\/div><\/div><\/div><input type=\"hidden\" name=\"fusion_privacy_expiration_interval\" value=\"48\"><input type=\"hidden\" name=\"privacy_expiration_action\" value=\"anonymize\"><\/form><\/div><\/div><\/div><\/div><\/div><\/p>\n","protected":false},"excerpt":{"rendered":"","protected":false},"author":1,"featured_media":0,"parent":574,"menu_order":0,"comment_status":"closed","ping_status":"closed","template":"100-width.php","meta":{"footnotes":""},"class_list":["post-643","page","type-page","status-publish","hentry"],"_links":{"self":[{"href":"https:\/\/stafferty.lv\/en\/wp-json\/wp\/v2\/pages\/643","targetHints":{"allow":["GET"]}}],"collection":[{"href":"https:\/\/stafferty.lv\/en\/wp-json\/wp\/v2\/pages"}],"about":[{"href":"https:\/\/stafferty.lv\/en\/wp-json\/wp\/v2\/types\/page"}],"author":[{"embeddable":true,"href":"https:\/\/stafferty.lv\/en\/wp-json\/wp\/v2\/users\/1"}],"replies":[{"embeddable":true,"href":"https:\/\/stafferty.lv\/en\/wp-json\/wp\/v2\/comments?post=643"}],"version-history":[{"count":9,"href":"https:\/\/stafferty.lv\/en\/wp-json\/wp\/v2\/pages\/643\/revisions"}],"predecessor-version":[{"id":1402,"href":"https:\/\/stafferty.lv\/en\/wp-json\/wp\/v2\/pages\/643\/revisions\/1402"}],"up":[{"embeddable":true,"href":"https:\/\/stafferty.lv\/en\/wp-json\/wp\/v2\/pages\/574"}],"wp:attachment":[{"href":"https:\/\/stafferty.lv\/en\/wp-json\/wp\/v2\/media?parent=643"}],"curies":[{"name":"wp","href":"https:\/\/api.w.org\/{rel}","templated":true}]}}